{"id":10508,"date":"2018-05-24T14:05:17","date_gmt":"2018-05-24T12:05:17","guid":{"rendered":"https:\/\/cocemfevalencia.org\/como-asociarse\/"},"modified":"2023-09-07T17:37:24","modified_gmt":"2023-09-07T15:37:24","slug":"como-asociarse","status":"publish","type":"page","link":"https:\/\/cocemfevalencia.org\/es\/como-asociarse\/","title":{"rendered":"C\u00f3mo asociarse"},"content":{"rendered":"\t\t<div data-elementor-type=\"wp-post\" data-elementor-id=\"10508\" class=\"elementor elementor-10508 elementor-595\" data-elementor-post-type=\"page\">\n\t\t\t\t\t\t<section class=\"elementor-section elementor-top-section elementor-element elementor-element-93f4f70 elementor-section-boxed elementor-section-height-default elementor-section-height-default\" data-id=\"93f4f70\" data-element_type=\"section\" data-e-type=\"section\">\n\t\t\t\t\t\t<div class=\"elementor-container elementor-column-gap-default\">\n\t\t\t\t\t<div class=\"elementor-column elementor-col-100 elementor-top-column elementor-element elementor-element-be2dcc5\" data-id=\"be2dcc5\" data-element_type=\"column\" data-e-type=\"column\">\n\t\t\t<div class=\"elementor-widget-wrap elementor-element-populated\">\n\t\t\t\t\t\t<div class=\"elementor-element elementor-element-13ea083 elementor-widget elementor-widget-heading\" data-id=\"13ea083\" data-element_type=\"widget\" data-e-type=\"widget\" data-widget_type=\"heading.default\">\n\t\t\t\t<div class=\"elementor-widget-container\">\n\t\t\t\t\t<h1 class=\"elementor-heading-title elementor-size-default\">INFORMACI\u00d3N SOBRE C\u00d3MO ASOCIARSE A COCEMFE VALENCIA<\/h1>\t\t\t\t<\/div>\n\t\t\t\t<\/div>\n\t\t\t\t\t<\/div>\n\t\t<\/div>\n\t\t\t\t\t<\/div>\n\t\t<\/section>\n\t\t\t\t<section class=\"elementor-section elementor-top-section elementor-element elementor-element-23eb9e6 elementor-section-boxed elementor-section-height-default elementor-section-height-default\" data-id=\"23eb9e6\" data-element_type=\"section\" data-e-type=\"section\">\n\t\t\t\t\t\t<div class=\"elementor-container elementor-column-gap-default\">\n\t\t\t\t\t<div class=\"elementor-column elementor-col-100 elementor-top-column elementor-element elementor-element-242815b\" data-id=\"242815b\" data-element_type=\"column\" data-e-type=\"column\">\n\t\t\t<div class=\"elementor-widget-wrap elementor-element-populated\">\n\t\t\t\t\t\t<div class=\"elementor-element elementor-element-898ebae elementor-widget elementor-widget-heading\" data-id=\"898ebae\" data-element_type=\"widget\" data-e-type=\"widget\" data-widget_type=\"heading.default\">\n\t\t\t\t<div class=\"elementor-widget-container\">\n\t\t\t\t\t<h4 class=\"elementor-heading-title elementor-size-default\">REQUISITOS PARA INSCRIBIRSE<\/h4>\t\t\t\t<\/div>\n\t\t\t\t<\/div>\n\t\t\t\t<div class=\"elementor-element elementor-element-afdac6c elementor-widget elementor-widget-text-editor\" data-id=\"afdac6c\" data-element_type=\"widget\" data-e-type=\"widget\" data-widget_type=\"text-editor.default\">\n\t\t\t\t<div class=\"elementor-widget-container\">\n\t\t\t\t\t\t\t\t\t<ul>\n<li>Tener el domicilio social en la Provincia de Valencia.<\/li>\n<li>Ser asociaci\u00f3n de discapacidad f\u00edsica y\/u org\u00e1nica o que entre los colectivos que atienda, se encuentre \u00e9ste.<\/li>\n<li>Acuerdo de la Asamblea General de la Asociaci\u00f3n donde se refleje la intenci\u00f3n de formar parte de la Federaci\u00f3n.<\/li>\n<\/ul>\n\t\t\t\t\t\t\t\t<\/div>\n\t\t\t\t<\/div>\n\t\t\t\t\t<\/div>\n\t\t<\/div>\n\t\t\t\t\t<\/div>\n\t\t<\/section>\n\t\t\t\t<section class=\"elementor-section elementor-top-section elementor-element elementor-element-ad60beb elementor-section-boxed elementor-section-height-default elementor-section-height-default\" data-id=\"ad60beb\" data-element_type=\"section\" data-e-type=\"section\">\n\t\t\t\t\t\t<div class=\"elementor-container elementor-column-gap-default\">\n\t\t\t\t\t<div class=\"elementor-column elementor-col-100 elementor-top-column elementor-element elementor-element-d4ee056\" data-id=\"d4ee056\" data-element_type=\"column\" data-e-type=\"column\">\n\t\t\t<div class=\"elementor-widget-wrap elementor-element-populated\">\n\t\t\t\t\t\t<div class=\"elementor-element elementor-element-3e309a7 elementor-widget elementor-widget-heading\" data-id=\"3e309a7\" data-element_type=\"widget\" data-e-type=\"widget\" data-widget_type=\"heading.default\">\n\t\t\t\t<div class=\"elementor-widget-container\">\n\t\t\t\t\t<h4 class=\"elementor-heading-title elementor-size-default\">PROCEDIMIENTO<\/h4>\t\t\t\t<\/div>\n\t\t\t\t<\/div>\n\t\t\t\t<div class=\"elementor-element elementor-element-475c904 elementor-widget elementor-widget-text-editor\" data-id=\"475c904\" data-element_type=\"widget\" data-e-type=\"widget\" data-widget_type=\"text-editor.default\">\n\t\t\t\t<div class=\"elementor-widget-container\">\n\t\t\t\t\t\t\t\t\t<p>Una vez presentada la documentaci\u00f3n solicitada (por correo electr\u00f3nico o por registro de entrada), la Junta Directiva de COCEMFE Valencia la revisar\u00e1, evaluando su ingreso (cumplimiento de los requisitos).<\/p>\n<p>En el siguiente Consejo Provincial de COCEMFE Valencia (reuniones trimestrales) se aprobar\u00e1 su ingreso en la Federaci\u00f3n.<\/p>\n<p>En la Asamblea General anual de COCEMFE Valencia,se ratificar\u00e1 la adhesi\u00f3n de la asociaci\u00f3n comoentidad de pleno derecho.<\/p>\n<p>Durante todo el a\u00f1o se admiten las peticiones a ser ratificadas en la Asamblea General para su inclusi\u00f3n oficial.<\/p>\n\t\t\t\t\t\t\t\t<\/div>\n\t\t\t\t<\/div>\n\t\t\t\t\t<\/div>\n\t\t<\/div>\n\t\t\t\t\t<\/div>\n\t\t<\/section>\n\t\t\t\t<section class=\"elementor-section elementor-top-section elementor-element elementor-element-5496813 elementor-section-boxed elementor-section-height-default elementor-section-height-default\" data-id=\"5496813\" data-element_type=\"section\" data-e-type=\"section\">\n\t\t\t\t\t\t<div class=\"elementor-container elementor-column-gap-default\">\n\t\t\t\t\t<div class=\"elementor-column elementor-col-100 elementor-top-column elementor-element elementor-element-c481321\" data-id=\"c481321\" data-element_type=\"column\" data-e-type=\"column\">\n\t\t\t<div class=\"elementor-widget-wrap elementor-element-populated\">\n\t\t\t\t\t\t<div class=\"elementor-element elementor-element-b2413e8 elementor-widget elementor-widget-heading\" data-id=\"b2413e8\" data-element_type=\"widget\" data-e-type=\"widget\" data-widget_type=\"heading.default\">\n\t\t\t\t<div class=\"elementor-widget-container\">\n\t\t\t\t\t<h4 class=\"elementor-heading-title elementor-size-default\">DERECHOS Y OBLIGACIONES<\/h4>\t\t\t\t<\/div>\n\t\t\t\t<\/div>\n\t\t\t\t<div class=\"elementor-element elementor-element-47b490c elementor-widget elementor-widget-text-editor\" data-id=\"47b490c\" data-element_type=\"widget\" data-e-type=\"widget\" data-widget_type=\"text-editor.default\">\n\t\t\t\t<div class=\"elementor-widget-container\">\n\t\t\t\t\t\t\t\t\t<p>Al inscribirse, se compromete a:<\/p><ul><li>Participar en las reuniones y comisiones, nombrando al menos a una persona delegada.<\/li><li>Abono de una cuota anual de 90\u20ac.<\/li><li>Env\u00edo anual de un resumen de la memoria de actividades.<\/li><\/ul><p>La asociaci\u00f3n se beneficiar\u00e1 del intercambio y participaci\u00f3n con otras asociaciones de discapacidad, de la informaci\u00f3n y orientaci\u00f3n general, de los servicios y proyectos de integraci\u00f3n sociolaboral, transporte adaptado, autonom\u00eda personal y otras actividades, todas ellas priorizadas para sus asociado\/as<\/p>\t\t\t\t\t\t\t\t<\/div>\n\t\t\t\t<\/div>\n\t\t\t\t\t<\/div>\n\t\t<\/div>\n\t\t\t\t\t<\/div>\n\t\t<\/section>\n\t\t\t\t<section class=\"elementor-section elementor-top-section elementor-element elementor-element-bfaae84 elementor-section-boxed elementor-section-height-default elementor-section-height-default\" data-id=\"bfaae84\" data-element_type=\"section\" data-e-type=\"section\">\n\t\t\t\t\t\t<div class=\"elementor-container elementor-column-gap-default\">\n\t\t\t\t\t<div class=\"elementor-column elementor-col-100 elementor-top-column elementor-element elementor-element-f078ada\" data-id=\"f078ada\" data-element_type=\"column\" data-e-type=\"column\">\n\t\t\t<div class=\"elementor-widget-wrap elementor-element-populated\">\n\t\t\t\t\t\t<div class=\"elementor-element elementor-element-37b2683 elementor-widget elementor-widget-heading\" data-id=\"37b2683\" data-element_type=\"widget\" data-e-type=\"widget\" data-widget_type=\"heading.default\">\n\t\t\t\t<div class=\"elementor-widget-container\">\n\t\t\t\t\t<h4 class=\"elementor-heading-title elementor-size-default\">DOCUMENTACI\u00d3N REQUERIDA<\/h4>\t\t\t\t<\/div>\n\t\t\t\t<\/div>\n\t\t\t\t<div class=\"elementor-element elementor-element-b782092 elementor-widget elementor-widget-text-editor\" data-id=\"b782092\" data-element_type=\"widget\" data-e-type=\"widget\" data-widget_type=\"text-editor.default\">\n\t\t\t\t<div class=\"elementor-widget-container\">\n\t\t\t\t\t\t\t\t\t<ul>\n<li>Certificado de la Asamblea donde lleg\u00f3 acuerdo de inscribirse en COCEMFE Valencia.<\/li>\n<li>Fotocopia de la inscripci\u00f3n en el Registro de Asociaciones.<\/li>\n<li>Fotocopia de los Estatutos de la asociaci\u00f3n.<\/li>\n<li>Fotocopia del CIF de la asociaci\u00f3n.<\/li>\n<li>Fotocopia de la comunicaci\u00f3n de Junta Directiva.<\/li>\n<li>Datos de la entidad: direcci\u00f3n, tel\u00e9fono, correo electr\u00f3nico, web y redes sociales (Facebook, Twitter, Instagram, etc.), horario de atenci\u00f3n, logotipo, n\u00famero de socios\/as, de voluntarios\/as y de trabajadores\/as (incluyendo perfil profesional) y breve resumen de los programas y actividades que realiza.<\/li>\n<\/ul>\n\t\t\t\t\t\t\t\t<\/div>\n\t\t\t\t<\/div>\n\t\t\t\t\t<\/div>\n\t\t<\/div>\n\t\t\t\t\t<\/div>\n\t\t<\/section>\n\t\t\t\t<section class=\"elementor-section elementor-top-section elementor-element elementor-element-7ad1a9f elementor-section-boxed elementor-section-height-default elementor-section-height-default\" data-id=\"7ad1a9f\" data-element_type=\"section\" data-e-type=\"section\">\n\t\t\t\t\t\t<div class=\"elementor-container elementor-column-gap-default\">\n\t\t\t\t\t<div class=\"elementor-column elementor-col-100 elementor-top-column elementor-element elementor-element-e63b7d6\" data-id=\"e63b7d6\" data-element_type=\"column\" data-e-type=\"column\">\n\t\t\t<div class=\"elementor-widget-wrap elementor-element-populated\">\n\t\t\t\t\t\t<div class=\"elementor-element elementor-element-13eb5d2 elementor-widget elementor-widget-text-editor\" data-id=\"13eb5d2\" data-element_type=\"widget\" data-e-type=\"widget\" data-widget_type=\"text-editor.default\">\n\t\t\t\t<div class=\"elementor-widget-container\">\n\t\t\t\t\t\t\t\t\t<p><a href=\"https:\/\/drive.google.com\/file\/d\/1Td0q0mwZZ7n5F36E0K6-ecR-g2R8p2F0\/view?usp=share_link\" target=\"_blank\" rel=\"noopener\">Descarga el documento de informaci\u00f3n aqu\u00ed.<\/a><\/p>\t\t\t\t\t\t\t\t<\/div>\n\t\t\t\t<\/div>\n\t\t\t\t\t<\/div>\n\t\t<\/div>\n\t\t\t\t\t<\/div>\n\t\t<\/section>\n\t\t\t\t<section class=\"elementor-section elementor-top-section elementor-element elementor-element-ee12fb5 elementor-section-boxed elementor-section-height-default elementor-section-height-default\" data-id=\"ee12fb5\" data-element_type=\"section\" data-e-type=\"section\">\n\t\t\t\t\t\t<div class=\"elementor-container elementor-column-gap-default\">\n\t\t\t\t\t<div class=\"elementor-column elementor-col-100 elementor-top-column elementor-element elementor-element-01cbc3c\" data-id=\"01cbc3c\" data-element_type=\"column\" data-e-type=\"column\">\n\t\t\t<div class=\"elementor-widget-wrap elementor-element-populated\">\n\t\t\t\t\t\t<div class=\"elementor-element elementor-element-4594075 elementor-widget elementor-widget-text-editor\" data-id=\"4594075\" data-element_type=\"widget\" data-e-type=\"widget\" data-widget_type=\"text-editor.default\">\n\t\t\t\t<div class=\"elementor-widget-container\">\n\t\t\t\t\t\t\t\t\t<p><a href=\"https:\/\/drive.google.com\/file\/d\/168LvokavRc7Mk-L28x0Mj5Xu4sLD0w27\/view?usp=share_link\" target=\"_blank\" rel=\"noopener\">Listado de asociaciones federadas a COCEMFE Valencia<\/a><\/p>\t\t\t\t\t\t\t\t<\/div>\n\t\t\t\t<\/div>\n\t\t\t\t\t<\/div>\n\t\t<\/div>\n\t\t\t\t\t<\/div>\n\t\t<\/section>\n\t\t\t\t<\/div>\n\t\t<p>Visitas: 590<\/p>","protected":false},"excerpt":{"rendered":"<p>INFORMACI\u00d3N SOBRE C\u00d3MO ASOCIARSE A COCEMFE VALENCIA REQUISITOS PARA INSCRIBIRSE Tener el domicilio social en la Provincia de Valencia. Ser asociaci\u00f3n de discapacidad f\u00edsica y\/u org\u00e1nica o que entre los colectivos que atienda, se encuentre \u00e9ste. Acuerdo de la Asamblea General de la Asociaci\u00f3n donde se refleje la intenci\u00f3n de formar parte de la Federaci\u00f3n.&hellip;&nbsp;<a href=\"https:\/\/cocemfevalencia.org\/es\/como-asociarse\/\" rel=\"bookmark\">Leer m\u00e1s &raquo;<span class=\"screen-reader-text\">C\u00f3mo asociarse<\/span><\/a><\/p>\n","protected":false},"author":1,"featured_media":0,"parent":0,"menu_order":0,"comment_status":"closed","ping_status":"closed","template":"","meta":{"rop_custom_images_group":[],"rop_custom_messages_group":[],"rop_publish_now":"initial","rop_publish_now_accounts":[],"rop_publish_now_history":[],"rop_publish_now_status":"pending","neve_meta_sidebar":"","neve_meta_container":"","neve_meta_enable_content_width":"","neve_meta_content_width":0,"neve_meta_title_alignment":"","neve_meta_author_avatar":"","neve_post_elements_order":"","neve_meta_disable_header":"","neve_meta_disable_footer":"","neve_meta_disable_title":"","footnotes":""},"categories":[],"class_list":["post-10508","page","type-page","status-publish","hentry"],"yoast_head":"<!-- This site is optimized with the Yoast SEO plugin v27.3 - https:\/\/yoast.com\/product\/yoast-seo-wordpress\/ -->\n<title>C\u00f3mo asociarse - Cocemfe Valencia<\/title>\n<meta name=\"description\" content=\"ASOCIARSE A COCEMFE VALENCIA REQUISITOS PARA INSCRIBIRSE. PROCEDIMIENTO. DERECHOS Y OBLIGACIONES. DOCUMENTACI\u00d3N REQUERIDA\" \/>\n<meta name=\"robots\" content=\"index, follow, max-snippet:-1, max-image-preview:large, max-video-preview:-1\" \/>\n<link rel=\"canonical\" href=\"https:\/\/cocemfevalencia.org\/es\/como-asociarse\/\" \/>\n<meta property=\"og:locale\" content=\"es_ES\" \/>\n<meta property=\"og:type\" content=\"article\" \/>\n<meta property=\"og:title\" content=\"C\u00f3mo asociarse - Cocemfe Valencia\" \/>\n<meta property=\"og:description\" content=\"ASOCIARSE A COCEMFE VALENCIA REQUISITOS PARA INSCRIBIRSE. PROCEDIMIENTO. DERECHOS Y OBLIGACIONES. DOCUMENTACI\u00d3N REQUERIDA\" \/>\n<meta property=\"og:url\" content=\"https:\/\/cocemfevalencia.org\/es\/como-asociarse\/\" \/>\n<meta property=\"og:site_name\" content=\"Cocemfe Valencia\" \/>\n<meta property=\"article:publisher\" content=\"https:\/\/www.facebook.com\/cocemfe.valencia\" \/>\n<meta property=\"article:modified_time\" content=\"2023-09-07T15:37:24+00:00\" \/>\n<meta name=\"twitter:card\" content=\"summary_large_image\" \/>\n<meta name=\"twitter:site\" content=\"@COCEMFEValencia\" \/>\n<meta name=\"twitter:label1\" content=\"Tiempo de lectura\" \/>\n\t<meta name=\"twitter:data1\" content=\"2 minutos\" \/>\n<script type=\"application\/ld+json\" class=\"yoast-schema-graph\">{\"@context\":\"https:\\\/\\\/schema.org\",\"@graph\":[{\"@type\":\"WebPage\",\"@id\":\"https:\\\/\\\/cocemfevalencia.org\\\/es\\\/como-asociarse\\\/\",\"url\":\"https:\\\/\\\/cocemfevalencia.org\\\/es\\\/como-asociarse\\\/\",\"name\":\"C\u00f3mo asociarse - Cocemfe Valencia\",\"isPartOf\":{\"@id\":\"https:\\\/\\\/cocemfevalencia.org\\\/es\\\/#website\"},\"datePublished\":\"2018-05-24T12:05:17+00:00\",\"dateModified\":\"2023-09-07T15:37:24+00:00\",\"description\":\"ASOCIARSE A COCEMFE VALENCIA REQUISITOS PARA INSCRIBIRSE. PROCEDIMIENTO. DERECHOS Y OBLIGACIONES. DOCUMENTACI\u00d3N REQUERIDA\",\"breadcrumb\":{\"@id\":\"https:\\\/\\\/cocemfevalencia.org\\\/es\\\/como-asociarse\\\/#breadcrumb\"},\"inLanguage\":\"es\",\"potentialAction\":[{\"@type\":\"ReadAction\",\"target\":[\"https:\\\/\\\/cocemfevalencia.org\\\/es\\\/como-asociarse\\\/\"]}]},{\"@type\":\"BreadcrumbList\",\"@id\":\"https:\\\/\\\/cocemfevalencia.org\\\/es\\\/como-asociarse\\\/#breadcrumb\",\"itemListElement\":[{\"@type\":\"ListItem\",\"position\":1,\"name\":\"Portada\",\"item\":\"https:\\\/\\\/cocemfevalencia.org\\\/es\\\/\"},{\"@type\":\"ListItem\",\"position\":2,\"name\":\"C\u00f3mo asociarse\"}]},{\"@type\":\"WebSite\",\"@id\":\"https:\\\/\\\/cocemfevalencia.org\\\/es\\\/#website\",\"url\":\"https:\\\/\\\/cocemfevalencia.org\\\/es\\\/\",\"name\":\"Cocemfe Valencia\",\"description\":\"FEDERACI\u00d3N DE ASOCIACIONES DE PERSONAS CON DISCAPACIDAD F\u00cdSICA Y ORG\u00c1NICA DE LA PROV\u00cdNCIA DE VALENCIA\",\"publisher\":{\"@id\":\"https:\\\/\\\/cocemfevalencia.org\\\/es\\\/#organization\"},\"potentialAction\":[{\"@type\":\"SearchAction\",\"target\":{\"@type\":\"EntryPoint\",\"urlTemplate\":\"https:\\\/\\\/cocemfevalencia.org\\\/es\\\/?s={search_term_string}\"},\"query-input\":{\"@type\":\"PropertyValueSpecification\",\"valueRequired\":true,\"valueName\":\"search_term_string\"}}],\"inLanguage\":\"es\"},{\"@type\":\"Organization\",\"@id\":\"https:\\\/\\\/cocemfevalencia.org\\\/es\\\/#organization\",\"name\":\"Cocemfe Valencia\",\"url\":\"https:\\\/\\\/cocemfevalencia.org\\\/es\\\/\",\"logo\":{\"@type\":\"ImageObject\",\"inLanguage\":\"es\",\"@id\":\"https:\\\/\\\/cocemfevalencia.org\\\/es\\\/#\\\/schema\\\/logo\\\/image\\\/\",\"url\":\"https:\\\/\\\/cocemfevalencia.org\\\/wp-content\\\/uploads\\\/2023\\\/03\\\/0312-Horizontal-una-linea-larga-rgb-positivo-Tricolor.png\",\"contentUrl\":\"https:\\\/\\\/cocemfevalencia.org\\\/wp-content\\\/uploads\\\/2023\\\/03\\\/0312-Horizontal-una-linea-larga-rgb-positivo-Tricolor.png\",\"width\":2334,\"height\":613,\"caption\":\"Cocemfe Valencia\"},\"image\":{\"@id\":\"https:\\\/\\\/cocemfevalencia.org\\\/es\\\/#\\\/schema\\\/logo\\\/image\\\/\"},\"sameAs\":[\"https:\\\/\\\/www.facebook.com\\\/cocemfe.valencia\",\"https:\\\/\\\/x.com\\\/COCEMFEValencia\"]}]}<\/script>\n<!-- \/ Yoast SEO plugin. -->","yoast_head_json":{"title":"C\u00f3mo asociarse - Cocemfe Valencia","description":"ASOCIARSE A COCEMFE VALENCIA REQUISITOS PARA INSCRIBIRSE. PROCEDIMIENTO. DERECHOS Y OBLIGACIONES. DOCUMENTACI\u00d3N REQUERIDA","robots":{"index":"index","follow":"follow","max-snippet":"max-snippet:-1","max-image-preview":"max-image-preview:large","max-video-preview":"max-video-preview:-1"},"canonical":"https:\/\/cocemfevalencia.org\/es\/como-asociarse\/","og_locale":"es_ES","og_type":"article","og_title":"C\u00f3mo asociarse - Cocemfe Valencia","og_description":"ASOCIARSE A COCEMFE VALENCIA REQUISITOS PARA INSCRIBIRSE. PROCEDIMIENTO. DERECHOS Y OBLIGACIONES. DOCUMENTACI\u00d3N REQUERIDA","og_url":"https:\/\/cocemfevalencia.org\/es\/como-asociarse\/","og_site_name":"Cocemfe Valencia","article_publisher":"https:\/\/www.facebook.com\/cocemfe.valencia","article_modified_time":"2023-09-07T15:37:24+00:00","twitter_card":"summary_large_image","twitter_site":"@COCEMFEValencia","twitter_misc":{"Tiempo de lectura":"2 minutos"},"schema":{"@context":"https:\/\/schema.org","@graph":[{"@type":"WebPage","@id":"https:\/\/cocemfevalencia.org\/es\/como-asociarse\/","url":"https:\/\/cocemfevalencia.org\/es\/como-asociarse\/","name":"C\u00f3mo asociarse - Cocemfe Valencia","isPartOf":{"@id":"https:\/\/cocemfevalencia.org\/es\/#website"},"datePublished":"2018-05-24T12:05:17+00:00","dateModified":"2023-09-07T15:37:24+00:00","description":"ASOCIARSE A COCEMFE VALENCIA REQUISITOS PARA INSCRIBIRSE. PROCEDIMIENTO. DERECHOS Y OBLIGACIONES. DOCUMENTACI\u00d3N REQUERIDA","breadcrumb":{"@id":"https:\/\/cocemfevalencia.org\/es\/como-asociarse\/#breadcrumb"},"inLanguage":"es","potentialAction":[{"@type":"ReadAction","target":["https:\/\/cocemfevalencia.org\/es\/como-asociarse\/"]}]},{"@type":"BreadcrumbList","@id":"https:\/\/cocemfevalencia.org\/es\/como-asociarse\/#breadcrumb","itemListElement":[{"@type":"ListItem","position":1,"name":"Portada","item":"https:\/\/cocemfevalencia.org\/es\/"},{"@type":"ListItem","position":2,"name":"C\u00f3mo asociarse"}]},{"@type":"WebSite","@id":"https:\/\/cocemfevalencia.org\/es\/#website","url":"https:\/\/cocemfevalencia.org\/es\/","name":"Cocemfe Valencia","description":"FEDERACI\u00d3N DE ASOCIACIONES DE PERSONAS CON DISCAPACIDAD F\u00cdSICA Y ORG\u00c1NICA DE LA PROV\u00cdNCIA DE VALENCIA","publisher":{"@id":"https:\/\/cocemfevalencia.org\/es\/#organization"},"potentialAction":[{"@type":"SearchAction","target":{"@type":"EntryPoint","urlTemplate":"https:\/\/cocemfevalencia.org\/es\/?s={search_term_string}"},"query-input":{"@type":"PropertyValueSpecification","valueRequired":true,"valueName":"search_term_string"}}],"inLanguage":"es"},{"@type":"Organization","@id":"https:\/\/cocemfevalencia.org\/es\/#organization","name":"Cocemfe Valencia","url":"https:\/\/cocemfevalencia.org\/es\/","logo":{"@type":"ImageObject","inLanguage":"es","@id":"https:\/\/cocemfevalencia.org\/es\/#\/schema\/logo\/image\/","url":"https:\/\/cocemfevalencia.org\/wp-content\/uploads\/2023\/03\/0312-Horizontal-una-linea-larga-rgb-positivo-Tricolor.png","contentUrl":"https:\/\/cocemfevalencia.org\/wp-content\/uploads\/2023\/03\/0312-Horizontal-una-linea-larga-rgb-positivo-Tricolor.png","width":2334,"height":613,"caption":"Cocemfe Valencia"},"image":{"@id":"https:\/\/cocemfevalencia.org\/es\/#\/schema\/logo\/image\/"},"sameAs":["https:\/\/www.facebook.com\/cocemfe.valencia","https:\/\/x.com\/COCEMFEValencia"]}]}},"_links":{"self":[{"href":"https:\/\/cocemfevalencia.org\/es\/wp-json\/wp\/v2\/pages\/10508","targetHints":{"allow":["GET"]}}],"collection":[{"href":"https:\/\/cocemfevalencia.org\/es\/wp-json\/wp\/v2\/pages"}],"about":[{"href":"https:\/\/cocemfevalencia.org\/es\/wp-json\/wp\/v2\/types\/page"}],"author":[{"embeddable":true,"href":"https:\/\/cocemfevalencia.org\/es\/wp-json\/wp\/v2\/users\/1"}],"replies":[{"embeddable":true,"href":"https:\/\/cocemfevalencia.org\/es\/wp-json\/wp\/v2\/comments?post=10508"}],"version-history":[{"count":5,"href":"https:\/\/cocemfevalencia.org\/es\/wp-json\/wp\/v2\/pages\/10508\/revisions"}],"predecessor-version":[{"id":12023,"href":"https:\/\/cocemfevalencia.org\/es\/wp-json\/wp\/v2\/pages\/10508\/revisions\/12023"}],"wp:attachment":[{"href":"https:\/\/cocemfevalencia.org\/es\/wp-json\/wp\/v2\/media?parent=10508"}],"wp:term":[{"taxonomy":"category","embeddable":true,"href":"https:\/\/cocemfevalencia.org\/es\/wp-json\/wp\/v2\/categories?post=10508"}],"curies":[{"name":"wp","href":"https:\/\/api.w.org\/{rel}","templated":true}]}}