{"id":9768,"date":"2018-05-24T23:29:10","date_gmt":"2018-05-24T21:29:10","guid":{"rendered":"https:\/\/cocemfevalencia.org\/aviso-legal\/"},"modified":"2023-03-31T09:43:20","modified_gmt":"2023-03-31T07:43:20","slug":"aviso-legal","status":"publish","type":"page","link":"https:\/\/cocemfevalencia.org\/es\/aviso-legal\/","title":{"rendered":"Aviso Legal"},"content":{"rendered":"\t\t<div data-elementor-type=\"wp-post\" data-elementor-id=\"9768\" class=\"elementor elementor-9768 elementor-799\" data-elementor-post-type=\"page\">\n\t\t\t\t\t\t<section class=\"elementor-section elementor-top-section elementor-element elementor-element-72362226 elementor-section-boxed elementor-section-height-default elementor-section-height-default\" data-id=\"72362226\" data-element_type=\"section\" data-e-type=\"section\">\n\t\t\t\t\t\t<div class=\"elementor-container elementor-column-gap-default\">\n\t\t\t\t\t<div class=\"elementor-column elementor-col-100 elementor-top-column elementor-element elementor-element-262bba73\" data-id=\"262bba73\" data-element_type=\"column\" data-e-type=\"column\">\n\t\t\t<div class=\"elementor-widget-wrap elementor-element-populated\">\n\t\t\t\t\t\t<div class=\"elementor-element elementor-element-31d03c2f elementor-widget elementor-widget-text-editor\" data-id=\"31d03c2f\" data-element_type=\"widget\" data-e-type=\"widget\" data-widget_type=\"text-editor.default\">\n\t\t\t\t<div class=\"elementor-widget-container\">\n\t\t\t\t\t\t\t\t\t<div class=\"titol\"><b style=\"background-color: var(--nv-site-bg); color: var(--nv-text-color); font-family: var(--bodyfontfamily),var(--nv-fallback-ff); letter-spacing: var(--bodyletterspacing); text-transform: var(--bodytexttransform);\">Responsable Legal<\/b><\/div>\n<hr>\n<p>Responsable de .la web: <strong>COCEMFE Valencia<\/strong><br \/>Datos Registrales: Constituida con autorizaci\u00f3n del Comit\u00e9 Ejecutivo de fecha 20 de febrero de 1995 e inscrita en la secci\u00f3n SEGUNDA del Registro Nacional y Auton\u00f3mico con los n\u00fameros 1819 y 90 respectivamente.<\/p>\n<div><b>Condiciones de uso<\/b><\/div>\n<hr>\n<p>Las presentes condiciones legales regulan el uso permitido de esta p\u00e1gina web que COCEMFE Valencia pone de forma gratuita a los usuarios de internet. En caso de no aceptar estas condiciones legales, deber\u00e1 de abandonar el site.<br \/>El usuario al aceptar los t\u00e9rminos para el uso de esta web, se obliga a usar los servicios y contenidos de forma correcta y l\u00edcita y tendr\u00e1 que abstenerse de:<\/p>\n<ul>\n<li>Suprimir, eludir o manipular el \u201ccopyright\u201d.<\/li>\n<li>Introducir programas o virus o cualquier otro tipo de c\u00f3digo que pueda alterar el contenido y la finalidad de la web.<\/li>\n<li>Realizar cualquier tipo de comportamiento contrario a la buena fe o la Ley.<\/li>\n<\/ul>\n<div><b>Exclusi\u00f3n de Responsabilidad<\/b><\/div>\n<hr>\n<p>COCEMFE Valencia no se hace responsable de las p\u00e9rdidas o perjuicios que pueda ocasionar al usuario por virus, indisponibilidad o cualquier otro comportamiento anormal de la web.<br \/>Desde COCEMFE Valencia, se han intentado implementar todas las medidas de seguridad a su alcance, para poder establecer un correcto funcionamiento de la web, y as\u00ed intentar evitar el mal funcionamiento de la web o la ocasi\u00f3n de da\u00f1os a terceros.<br \/>Por otro lado, COCEMFE Valencia no se hace responsable de las opiniones de los usuarios. Si en alg\u00fan momento detectara un comportamiento y\/o contenido inadecuado y\/o que infrinja la Ley o derechos de terceros, comun\u00edquenoslo inmediatamente a nuestro email.<\/p>\n<div><b>Enlaces<\/b><\/div>\n<hr>\n<p>COCEMFE Valencia rechaza cualquier reponsabidad sobre los servicios y\/o contenidos que se presten por otras p\u00e1ginas enlazadas a esta WEB, nosotros no controlamos ni ejercemos ning\u00fan tipo de censura sobre las p\u00e1ginas enlazadas. Los usuarios que utilitcen estos enlaces deber\u00e1n consultar las condiciones legales de las propias p\u00e1ginas enlazadas.<\/p>\n<div><b>Propiedad Intelectual<\/b><\/div>\n<hr>\n<p>COCEMFE Valencia es titular de todos los derechos de propiedad intelectual e industrial de este espacio Web, as\u00ed como de los elementos contenidos en el mismo (a t\u00edtulo enunciativo, im\u00e1genes, so, audio, v\u00eddeo, programaci\u00f3n o textos; marcas o logotipos, combinaci\u00f3n de colores, estructura y dise\u00f1o, selecci\u00f3n de materiales usados, programas de ordenador necesarios para su funcionamiento, acceso y uso, etc.)<br \/>Todos los derechos reservados. En virtud de lo que se dispone en los art\u00edculos 8 y 32.1, par\u00e1grafo segundo, de la Ley de Propiedad Intelectual, quedan expresamente prohibidas la reproducci\u00f3n, la distribuci\u00f3n y la comunicaci\u00f3n p\u00fablica, inclu\u00edda su modalidad de puesta a disposici\u00f3n, de la totalidad o parte de los contenidos de esta p\u00e1gina web, con finalidades comerciales, en cualquier soporte y por cualquier medio t\u00e9cnico, sin la autorizaci\u00f3n de COCEMFE Valencia.<br \/>El usuario se compromete a respetar los derechos de Propiedad Intelectual e Industrial titularidad de COCEMFE Valencia. Podr\u00e1 visualizar los elementos de espacio web y hasta imprimir, copiarlos y almacenarlos en el disco duro de su ordenador o en cualquier otro soporte f\u00edsico siempre que sea, \u00fanica y exclusivamente, para su uso personal y privado. El usuario tendr\u00e1 que abstenerse de suprimir, alterar, eludir o manipular cualquier dispositivo de protecci\u00f3n o sistema de seguridad que estuviera instalado en las p\u00e1ginas de COCEMFE Valencia.<br \/>COCEMFE Valencia velar\u00e1 por el cumplimiento de las anteriores condiciones como por la debida utilizaci\u00f3n de los contenidos presentados en sus p\u00e1ginas web, ejerciendo todas las acciones civiles y penales que le correspondan en el caso de infracci\u00f3n o incumplimiento de estos derechos por parte del usuario.<\/p>\n<div><b>Legislaci\u00f3n y Jurisdicci\u00f3n<\/b><\/div>\n<hr>\n<p>Esta p\u00e1gina web se encuentra sometida a la legislaci\u00f3n Espa\u00f1ola y en caso de litigio o controversia surgida del uso de esta p\u00e1gina web, ambas partes se someten a la jurisdicci\u00f3n de los tribunales de la ciudad de Valencia. Esta cl\u00e1usula de sumisi\u00f3n expresa a los tribunales de la ciudad de Valencia, no ser\u00e1 aplicable para los supuestos de litigio con los usuarios de la web que segun la legislaci\u00f3n vigente ostentan la condici\u00f3n de consumidores, en este caso ambas parte estar\u00e1n sometidos a la jurisdicci\u00f3n de los Juzgados y Tribunales de residencia del consumidor.<\/p>\n<p><b>Protecci\u00f3n de datos<\/b><\/p>\n<hr>\n<div>\n<p>FEDERACION D\u2019ASSOCIACIONS DE PERSONES AMB DISCAPACITAT FISICA I ORGANICA DE LA PROV\u00cdNCIA DE VAL\u00c8NCIA (De ahora en adelante COCEMFE Val\u00e8ncia), con CIF G96553540, adre\u00e7a a VAL\u00c8NCIA Carrer Torres, 12 baix esq. (46018), no puede asumir ninguna responsabilidad derivada del uso incorrecto, inapropiado o il\u00edcito de la informaci\u00f3n aparecida en la p\u00e1gina de Internet de COCEMFE Val\u00e8ncia.<\/p>\n<p>Con los l\u00edmites establecidos en el RGPD, (UE) 2016\/679 de 27 de abril de 2016 i en la Ley org\u00e1nica 3\/2018, de 5 de diciembre, de Protecci\u00f3n de Datos Personales y garant\u00eda de los derechos digitales, COCEMFE Val\u00e8ncia no asume ninguna responsabilidad derivada de la falta de veracidad, integridad, actualizaci\u00f3n y precisi\u00f3n de los datos o informaciones que contiene sus p\u00e1ginas en internet. <\/p>\n<p>Los contenidos e informaci\u00f3n no vinculan a COCEMFE Val\u00e8ncia ni constituyen opiniones, consejos o asesoramiento legal de ning\u00fan tipo porque se trata meramente de un servicio ofrecido con car\u00e1cter informativo y divulgativo.<\/p>\n<p>La p\u00e1gina de Internet de COCEMFE Val\u00e8ncia puede contener enlaces (links) en otras p\u00e1ginas de terceras partes que COCEMFE Val\u00e8ncia no puede controlar. Por lo tanto, COCEMFE Val\u00e8ncia no puede asumir responsabilidades por el contenido que pueda aparecer en p\u00e1ginas de terceros.<\/p>\n<p>Los textos, im\u00e1genes, sonidos, animaciones, software y el resto de contenidos incluidos en este website son propiedad exclusiva de COCEMFE Val\u00e8ncia o sus licenciantes. Cualquier acto de transmisi\u00f3n, distribuci\u00f3n, cesi\u00f3n, reproducci\u00f3n, almacenamiento o comunicaci\u00f3n p\u00fablica total o parcial, tiene que contar con el consentimiento expreso de COCEMFE Val\u00e8ncia.<\/p>\n<p>As\u00ed mismo, para acceder a algunos de los servicios que COCEMFE Val\u00e8ncia ofrece a trav\u00e9s del website tendr\u00e1 que proporcionar algunos datos de car\u00e1cter personal. En cumplimiento del que se establece en el Reglamento (UE) 2016\/679 del Parlamento Europeo y del Consejo, de 27 de abril de 2016, relativo a la protecci\u00f3n de las personas f\u00edsicas en cuanto al tratamiento de datos personales y a la libre circulaci\u00f3n de estos datos y en la Ley Org\u00e1nica 3\/2018, de 5 de diciembre, de Protecci\u00f3n de Datos Personales y garant\u00eda de los derechos digitales, lo informamos que, mediante la cumplimentaci\u00f3n de los presentes formularios, sus datos personales quedar\u00e1n incorporados y ser\u00e1n tratados en los ficheros de la FEDERACION De ASOCIACIONES DE PERSONAS CON DISCAPACIDAD FISICA I ORGANICA DE LA PROVINCIA DE VAL\u00c8NCIA con el fin de poderle prestar y ofrecer nuestros servicios as\u00ed como para informarlo de las mejoras del sitio web. As\u00ed mismo, lo informamos de la posibilidad que ejerza, de acuerdo con los art\u00edculos 13 al 18 de la LOPDGDD 3\/2018, los derechos de acceso, rectificaci\u00f3n, cancelaci\u00f3n, oposici\u00f3n, portabilidad y limitaci\u00f3n en el domicilio social de COCEMFE VAL\u00c8NCIA, siente este en VAL\u00c8NCIA Calle Torres, 12 bajo izq. (46018) o al e-mail: info@cocemfevalencia.org con el correspondiente documento acreditativo (DNI).<\/p>\n<\/div>\n<div><b>Versi\u00f3n<\/b><\/div>\n<hr>\n<p>Este Aviso Legal es de fecha 03\/03\/2014 y cualquier modificaci\u00f3n de sus t\u00e9rminos ser\u00e1 publicada en la p\u00e1gina web.<\/p>\n\t\t\t\t\t\t\t\t<\/div>\n\t\t\t\t<\/div>\n\t\t\t\t\t<\/div>\n\t\t<\/div>\n\t\t\t\t\t<\/div>\n\t\t<\/section>\n\t\t\t\t<\/div>\n\t\t<p>Visitas: 66<\/p>","protected":false},"excerpt":{"rendered":"<p>Responsable Legal Responsable de .la web: COCEMFE ValenciaDatos Registrales: Constituida con autorizaci\u00f3n del Comit\u00e9 Ejecutivo de fecha 20 de febrero de 1995 e inscrita en la secci\u00f3n SEGUNDA del Registro Nacional y Auton\u00f3mico con los n\u00fameros 1819 y 90 respectivamente. Condiciones de uso Las presentes condiciones legales regulan el uso permitido de esta p\u00e1gina web&hellip;&nbsp;<a href=\"https:\/\/cocemfevalencia.org\/es\/aviso-legal\/\" rel=\"bookmark\">Leer m\u00e1s &raquo;<span class=\"screen-reader-text\">Aviso Legal<\/span><\/a><\/p>\n","protected":false},"author":1,"featured_media":0,"parent":0,"menu_order":0,"comment_status":"closed","ping_status":"closed","template":"","meta":{"rop_custom_images_group":[],"rop_custom_messages_group":[],"rop_publish_now":"initial","rop_publish_now_accounts":[],"rop_publish_now_history":[],"rop_publish_now_status":"pending","neve_meta_sidebar":"","neve_meta_container":"","neve_meta_enable_content_width":"","neve_meta_content_width":0,"neve_meta_title_alignment":"","neve_meta_author_avatar":"","neve_post_elements_order":"","neve_meta_disable_header":"","neve_meta_disable_footer":"","neve_meta_disable_title":"","footnotes":""},"categories":[],"class_list":["post-9768","page","type-page","status-publish","hentry"],"yoast_head":"<!-- This site is optimized with the Yoast SEO plugin v27.3 - https:\/\/yoast.com\/product\/yoast-seo-wordpress\/ -->\n<title>Aviso Legal - Cocemfe Valencia<\/title>\n<meta name=\"robots\" content=\"index, follow, max-snippet:-1, max-image-preview:large, max-video-preview:-1\" \/>\n<link rel=\"canonical\" href=\"https:\/\/cocemfevalencia.org\/es\/aviso-legal\/\" \/>\n<meta property=\"og:locale\" content=\"es_ES\" \/>\n<meta property=\"og:type\" content=\"article\" \/>\n<meta property=\"og:title\" content=\"Aviso Legal - Cocemfe Valencia\" \/>\n<meta property=\"og:description\" content=\"Responsable Legal Responsable de .la web: COCEMFE ValenciaDatos Registrales: Constituida con autorizaci\u00f3n del Comit\u00e9 Ejecutivo de fecha 20 de febrero de 1995 e inscrita en la secci\u00f3n SEGUNDA del Registro Nacional y Auton\u00f3mico con los n\u00fameros 1819 y 90 respectivamente. Condiciones de uso Las presentes condiciones legales regulan el uso permitido de esta p\u00e1gina web&hellip;&nbsp;Leer m\u00e1s &raquo;Aviso Legal\" \/>\n<meta property=\"og:url\" content=\"https:\/\/cocemfevalencia.org\/es\/aviso-legal\/\" \/>\n<meta property=\"og:site_name\" content=\"Cocemfe Valencia\" \/>\n<meta property=\"article:publisher\" content=\"https:\/\/www.facebook.com\/cocemfe.valencia\" \/>\n<meta property=\"article:modified_time\" content=\"2023-03-31T07:43:20+00:00\" \/>\n<meta name=\"twitter:card\" content=\"summary_large_image\" \/>\n<meta name=\"twitter:site\" content=\"@COCEMFEValencia\" \/>\n<meta name=\"twitter:label1\" content=\"Tiempo de lectura\" \/>\n\t<meta name=\"twitter:data1\" content=\"6 minutos\" \/>\n<script type=\"application\/ld+json\" class=\"yoast-schema-graph\">{\"@context\":\"https:\\\/\\\/schema.org\",\"@graph\":[{\"@type\":\"WebPage\",\"@id\":\"https:\\\/\\\/cocemfevalencia.org\\\/es\\\/aviso-legal\\\/\",\"url\":\"https:\\\/\\\/cocemfevalencia.org\\\/es\\\/aviso-legal\\\/\",\"name\":\"Aviso Legal - Cocemfe Valencia\",\"isPartOf\":{\"@id\":\"https:\\\/\\\/cocemfevalencia.org\\\/es\\\/#website\"},\"datePublished\":\"2018-05-24T21:29:10+00:00\",\"dateModified\":\"2023-03-31T07:43:20+00:00\",\"breadcrumb\":{\"@id\":\"https:\\\/\\\/cocemfevalencia.org\\\/es\\\/aviso-legal\\\/#breadcrumb\"},\"inLanguage\":\"es\",\"potentialAction\":[{\"@type\":\"ReadAction\",\"target\":[\"https:\\\/\\\/cocemfevalencia.org\\\/es\\\/aviso-legal\\\/\"]}]},{\"@type\":\"BreadcrumbList\",\"@id\":\"https:\\\/\\\/cocemfevalencia.org\\\/es\\\/aviso-legal\\\/#breadcrumb\",\"itemListElement\":[{\"@type\":\"ListItem\",\"position\":1,\"name\":\"Portada\",\"item\":\"https:\\\/\\\/cocemfevalencia.org\\\/es\\\/\"},{\"@type\":\"ListItem\",\"position\":2,\"name\":\"Aviso Legal\"}]},{\"@type\":\"WebSite\",\"@id\":\"https:\\\/\\\/cocemfevalencia.org\\\/es\\\/#website\",\"url\":\"https:\\\/\\\/cocemfevalencia.org\\\/es\\\/\",\"name\":\"Cocemfe Valencia\",\"description\":\"FEDERACI\u00d3N DE ASOCIACIONES DE PERSONAS CON DISCAPACIDAD F\u00cdSICA Y ORG\u00c1NICA DE LA PROV\u00cdNCIA DE VALENCIA\",\"publisher\":{\"@id\":\"https:\\\/\\\/cocemfevalencia.org\\\/es\\\/#organization\"},\"potentialAction\":[{\"@type\":\"SearchAction\",\"target\":{\"@type\":\"EntryPoint\",\"urlTemplate\":\"https:\\\/\\\/cocemfevalencia.org\\\/es\\\/?s={search_term_string}\"},\"query-input\":{\"@type\":\"PropertyValueSpecification\",\"valueRequired\":true,\"valueName\":\"search_term_string\"}}],\"inLanguage\":\"es\"},{\"@type\":\"Organization\",\"@id\":\"https:\\\/\\\/cocemfevalencia.org\\\/es\\\/#organization\",\"name\":\"Cocemfe Valencia\",\"url\":\"https:\\\/\\\/cocemfevalencia.org\\\/es\\\/\",\"logo\":{\"@type\":\"ImageObject\",\"inLanguage\":\"es\",\"@id\":\"https:\\\/\\\/cocemfevalencia.org\\\/es\\\/#\\\/schema\\\/logo\\\/image\\\/\",\"url\":\"https:\\\/\\\/cocemfevalencia.org\\\/wp-content\\\/uploads\\\/2023\\\/03\\\/0312-Horizontal-una-linea-larga-rgb-positivo-Tricolor.png\",\"contentUrl\":\"https:\\\/\\\/cocemfevalencia.org\\\/wp-content\\\/uploads\\\/2023\\\/03\\\/0312-Horizontal-una-linea-larga-rgb-positivo-Tricolor.png\",\"width\":2334,\"height\":613,\"caption\":\"Cocemfe Valencia\"},\"image\":{\"@id\":\"https:\\\/\\\/cocemfevalencia.org\\\/es\\\/#\\\/schema\\\/logo\\\/image\\\/\"},\"sameAs\":[\"https:\\\/\\\/www.facebook.com\\\/cocemfe.valencia\",\"https:\\\/\\\/x.com\\\/COCEMFEValencia\"]}]}<\/script>\n<!-- \/ Yoast SEO plugin. -->","yoast_head_json":{"title":"Aviso Legal - Cocemfe Valencia","robots":{"index":"index","follow":"follow","max-snippet":"max-snippet:-1","max-image-preview":"max-image-preview:large","max-video-preview":"max-video-preview:-1"},"canonical":"https:\/\/cocemfevalencia.org\/es\/aviso-legal\/","og_locale":"es_ES","og_type":"article","og_title":"Aviso Legal - Cocemfe Valencia","og_description":"Responsable Legal Responsable de .la web: COCEMFE ValenciaDatos Registrales: Constituida con autorizaci\u00f3n del Comit\u00e9 Ejecutivo de fecha 20 de febrero de 1995 e inscrita en la secci\u00f3n SEGUNDA del Registro Nacional y Auton\u00f3mico con los n\u00fameros 1819 y 90 respectivamente. Condiciones de uso Las presentes condiciones legales regulan el uso permitido de esta p\u00e1gina web&hellip;&nbsp;Leer m\u00e1s &raquo;Aviso Legal","og_url":"https:\/\/cocemfevalencia.org\/es\/aviso-legal\/","og_site_name":"Cocemfe Valencia","article_publisher":"https:\/\/www.facebook.com\/cocemfe.valencia","article_modified_time":"2023-03-31T07:43:20+00:00","twitter_card":"summary_large_image","twitter_site":"@COCEMFEValencia","twitter_misc":{"Tiempo de lectura":"6 minutos"},"schema":{"@context":"https:\/\/schema.org","@graph":[{"@type":"WebPage","@id":"https:\/\/cocemfevalencia.org\/es\/aviso-legal\/","url":"https:\/\/cocemfevalencia.org\/es\/aviso-legal\/","name":"Aviso Legal - Cocemfe Valencia","isPartOf":{"@id":"https:\/\/cocemfevalencia.org\/es\/#website"},"datePublished":"2018-05-24T21:29:10+00:00","dateModified":"2023-03-31T07:43:20+00:00","breadcrumb":{"@id":"https:\/\/cocemfevalencia.org\/es\/aviso-legal\/#breadcrumb"},"inLanguage":"es","potentialAction":[{"@type":"ReadAction","target":["https:\/\/cocemfevalencia.org\/es\/aviso-legal\/"]}]},{"@type":"BreadcrumbList","@id":"https:\/\/cocemfevalencia.org\/es\/aviso-legal\/#breadcrumb","itemListElement":[{"@type":"ListItem","position":1,"name":"Portada","item":"https:\/\/cocemfevalencia.org\/es\/"},{"@type":"ListItem","position":2,"name":"Aviso Legal"}]},{"@type":"WebSite","@id":"https:\/\/cocemfevalencia.org\/es\/#website","url":"https:\/\/cocemfevalencia.org\/es\/","name":"Cocemfe Valencia","description":"FEDERACI\u00d3N DE ASOCIACIONES DE PERSONAS CON DISCAPACIDAD F\u00cdSICA Y ORG\u00c1NICA DE LA PROV\u00cdNCIA DE VALENCIA","publisher":{"@id":"https:\/\/cocemfevalencia.org\/es\/#organization"},"potentialAction":[{"@type":"SearchAction","target":{"@type":"EntryPoint","urlTemplate":"https:\/\/cocemfevalencia.org\/es\/?s={search_term_string}"},"query-input":{"@type":"PropertyValueSpecification","valueRequired":true,"valueName":"search_term_string"}}],"inLanguage":"es"},{"@type":"Organization","@id":"https:\/\/cocemfevalencia.org\/es\/#organization","name":"Cocemfe Valencia","url":"https:\/\/cocemfevalencia.org\/es\/","logo":{"@type":"ImageObject","inLanguage":"es","@id":"https:\/\/cocemfevalencia.org\/es\/#\/schema\/logo\/image\/","url":"https:\/\/cocemfevalencia.org\/wp-content\/uploads\/2023\/03\/0312-Horizontal-una-linea-larga-rgb-positivo-Tricolor.png","contentUrl":"https:\/\/cocemfevalencia.org\/wp-content\/uploads\/2023\/03\/0312-Horizontal-una-linea-larga-rgb-positivo-Tricolor.png","width":2334,"height":613,"caption":"Cocemfe Valencia"},"image":{"@id":"https:\/\/cocemfevalencia.org\/es\/#\/schema\/logo\/image\/"},"sameAs":["https:\/\/www.facebook.com\/cocemfe.valencia","https:\/\/x.com\/COCEMFEValencia"]}]}},"_links":{"self":[{"href":"https:\/\/cocemfevalencia.org\/es\/wp-json\/wp\/v2\/pages\/9768","targetHints":{"allow":["GET"]}}],"collection":[{"href":"https:\/\/cocemfevalencia.org\/es\/wp-json\/wp\/v2\/pages"}],"about":[{"href":"https:\/\/cocemfevalencia.org\/es\/wp-json\/wp\/v2\/types\/page"}],"author":[{"embeddable":true,"href":"https:\/\/cocemfevalencia.org\/es\/wp-json\/wp\/v2\/users\/1"}],"replies":[{"embeddable":true,"href":"https:\/\/cocemfevalencia.org\/es\/wp-json\/wp\/v2\/comments?post=9768"}],"version-history":[{"count":6,"href":"https:\/\/cocemfevalencia.org\/es\/wp-json\/wp\/v2\/pages\/9768\/revisions"}],"predecessor-version":[{"id":9783,"href":"https:\/\/cocemfevalencia.org\/es\/wp-json\/wp\/v2\/pages\/9768\/revisions\/9783"}],"wp:attachment":[{"href":"https:\/\/cocemfevalencia.org\/es\/wp-json\/wp\/v2\/media?parent=9768"}],"wp:term":[{"taxonomy":"category","embeddable":true,"href":"https:\/\/cocemfevalencia.org\/es\/wp-json\/wp\/v2\/categories?post=9768"}],"curies":[{"name":"wp","href":"https:\/\/api.w.org\/{rel}","templated":true}]}}